{"id":27736,"date":"2026-01-15T12:16:15","date_gmt":"2026-01-15T10:16:15","guid":{"rendered":"https:\/\/orto.ee\/?post_type=product&#038;p=27736"},"modified":"2026-04-09T00:00:03","modified_gmt":"2026-04-08T21:00:03","slug":"vana-disainiga-puhas-loodus-vananemisvastane-ookreem-viinamari-75ml","status":"publish","type":"product","link":"https:\/\/orto.ee\/en\/product\/vana-disainiga-puhas-loodus-vananemisvastane-ookreem-viinamari-75ml\/","title":{"rendered":"Vana disainiga! Puhas Loodus vananemisvastane \u00f6\u00f6kreem Viinamari 75ml"},"content":{"rendered":"<p>Igale nahat\u00fc\u00fcbile.<\/p>\n<p>Kreem baseerub viinamarjaseemne- ja oliiv\u00f5lil, mille m\u00f5jus kombinatsioon h\u00fcaluroonhappega kindlustab naha niiskusvarusid, lisab nahale elastsust ja siledust. Pikema vananemisvastase toime aitab nahale anda hinnalise koostisega sheav\u00f5i, mis koos saialilleekstrakti ja looduslike \u00f5lidega virgutab naharakkude uuenemist, pakub nahale kaitset \u00f5hus leiduvate saasteainete eest.<\/p>\n","protected":false},"excerpt":{"rendered":"<p>AQUA, CETEARYL ALCOHOL (AND) PEG-20 STEARATE, BUTYROSPERMUM PARKII BUTTER, VITIS VINIFERA SEED OIL, GLYCERIN, OLEA EUROPAEA FRUIT OIL, CALENDULA OFFICINALIS FLOWER EXTRACT, GLYCERYL STEARATE, SODIUM HYALURONATE, SODIUM PVM\/MA\/DECADIENE CROSSPOLYMER, TOCOPHERYL ACETATE, PHENOXYETHANOL, ETHYLHEXYLGLYCERIN, PARFUM<\/p>\n","protected":false},"featured_media":29293,"comment_status":"open","ping_status":"closed","template":"","meta":[],"product_brand":[],"product_cat":[25],"product_tag":[],"class_list":{"0":"post-27736","1":"product","2":"type-product","3":"status-publish","4":"has-post-thumbnail","6":"product_cat-uncategorized","7":"brands-puhas_loodus","8":"labels-buduaar-ilulemmik-2024","10":"first","11":"instock","12":"sale","13":"taxable","14":"shipping-taxable","15":"purchasable","16":"product-type-simple"},"yoast_head":"<!-- This site is optimized with the Yoast SEO plugin v27.0 - https:\/\/yoast.com\/product\/yoast-seo-wordpress\/ -->\n<title>Vana disainiga! Puhas Loodus vananemisvastane \u00f6\u00f6kreem Viinamari 75ml - Orto<\/title>\n<meta name=\"robots\" content=\"index, follow, max-snippet:-1, max-image-preview:large, max-video-preview:-1\" \/>\n<link rel=\"canonical\" href=\"https:\/\/orto.ee\/toode\/vana-disainiga-puhas-loodus-vananemisvastane-ookreem-viinamari-75ml\/\" \/>\n<meta property=\"og:locale\" content=\"en_US\" \/>\n<meta property=\"og:type\" content=\"article\" \/>\n<meta property=\"og:title\" content=\"Vana disainiga! Puhas Loodus vananemisvastane \u00f6\u00f6kreem Viinamari 75ml - Orto\" \/>\n<meta property=\"og:description\" content=\"AQUA, CETEARYL ALCOHOL (AND) PEG-20 STEARATE, BUTYROSPERMUM PARKII BUTTER, VITIS VINIFERA SEED OIL, GLYCERIN, OLEA EUROPAEA FRUIT OIL, CALENDULA OFFICINALIS FLOWER EXTRACT, GLYCERYL STEARATE, SODIUM HYALURONATE, SODIUM PVM\/MA\/DECADIENE CROSSPOLYMER, TOCOPHERYL ACETATE, PHENOXYETHANOL, ETHYLHEXYLGLYCERIN, PARFUM\" \/>\n<meta property=\"og:url\" content=\"https:\/\/orto.ee\/toode\/vana-disainiga-puhas-loodus-vananemisvastane-ookreem-viinamari-75ml\/\" \/>\n<meta property=\"og:site_name\" content=\"Orto\" \/>\n<meta property=\"article:modified_time\" content=\"2026-04-08T21:00:03+00:00\" \/>\n<meta property=\"og:image\" content=\"https:\/\/orto.ee\/wp-content\/uploads\/2026\/01\/Ookreem-Viinamari-1.webp\" \/>\n\t<meta property=\"og:image:width\" content=\"720\" \/>\n\t<meta property=\"og:image:height\" content=\"720\" \/>\n\t<meta property=\"og:image:type\" content=\"image\/webp\" \/>\n<meta name=\"twitter:card\" content=\"summary_large_image\" \/>\n<meta name=\"twitter:label1\" content=\"Est. reading time\" \/>\n\t<meta name=\"twitter:data1\" content=\"1 minute\" \/>\n<script type=\"application\/ld+json\" class=\"yoast-schema-graph\">{\"@context\":\"https:\/\/schema.org\",\"@graph\":[{\"@type\":\"WebPage\",\"@id\":\"https:\/\/orto.ee\/toode\/vana-disainiga-puhas-loodus-vananemisvastane-ookreem-viinamari-75ml\/\",\"url\":\"https:\/\/orto.ee\/toode\/vana-disainiga-puhas-loodus-vananemisvastane-ookreem-viinamari-75ml\/\",\"name\":\"Vana disainiga! Puhas Loodus vananemisvastane \u00f6\u00f6kreem Viinamari 75ml - Orto\",\"isPartOf\":{\"@id\":\"https:\/\/orto.ee\/#website\"},\"primaryImageOfPage\":{\"@id\":\"https:\/\/orto.ee\/toode\/vana-disainiga-puhas-loodus-vananemisvastane-ookreem-viinamari-75ml\/#primaryimage\"},\"image\":{\"@id\":\"https:\/\/orto.ee\/toode\/vana-disainiga-puhas-loodus-vananemisvastane-ookreem-viinamari-75ml\/#primaryimage\"},\"thumbnailUrl\":\"https:\/\/orto.ee\/wp-content\/uploads\/2026\/01\/Ookreem-Viinamari-1.webp\",\"datePublished\":\"2026-01-15T10:16:15+00:00\",\"dateModified\":\"2026-04-08T21:00:03+00:00\",\"breadcrumb\":{\"@id\":\"https:\/\/orto.ee\/toode\/vana-disainiga-puhas-loodus-vananemisvastane-ookreem-viinamari-75ml\/#breadcrumb\"},\"inLanguage\":\"en-US\",\"potentialAction\":[{\"@type\":\"ReadAction\",\"target\":[\"https:\/\/orto.ee\/toode\/vana-disainiga-puhas-loodus-vananemisvastane-ookreem-viinamari-75ml\/\"]}]},{\"@type\":\"ImageObject\",\"inLanguage\":\"en-US\",\"@id\":\"https:\/\/orto.ee\/toode\/vana-disainiga-puhas-loodus-vananemisvastane-ookreem-viinamari-75ml\/#primaryimage\",\"url\":\"https:\/\/orto.ee\/wp-content\/uploads\/2026\/01\/Ookreem-Viinamari-1.webp\",\"contentUrl\":\"https:\/\/orto.ee\/wp-content\/uploads\/2026\/01\/Ookreem-Viinamari-1.webp\",\"width\":720,\"height\":720},{\"@type\":\"BreadcrumbList\",\"@id\":\"https:\/\/orto.ee\/toode\/vana-disainiga-puhas-loodus-vananemisvastane-ookreem-viinamari-75ml\/#breadcrumb\",\"itemListElement\":[{\"@type\":\"ListItem\",\"position\":1,\"name\":\"Home\",\"item\":\"https:\/\/orto.ee\/\"},{\"@type\":\"ListItem\",\"position\":2,\"name\":\"Products\",\"item\":\"https:\/\/orto.ee\/shop\/\"},{\"@type\":\"ListItem\",\"position\":3,\"name\":\"Vana disainiga! Puhas Loodus vananemisvastane \u00f6\u00f6kreem Viinamari 75ml\"}]},{\"@type\":\"WebSite\",\"@id\":\"https:\/\/orto.ee\/#website\",\"url\":\"https:\/\/orto.ee\/\",\"name\":\"Orto\",\"description\":\"\",\"potentialAction\":[{\"@type\":\"SearchAction\",\"target\":{\"@type\":\"EntryPoint\",\"urlTemplate\":\"https:\/\/orto.ee\/?s={search_term_string}\"},\"query-input\":{\"@type\":\"PropertyValueSpecification\",\"valueRequired\":true,\"valueName\":\"search_term_string\"}}],\"inLanguage\":\"en-US\"}]}<\/script>\n<!-- \/ Yoast SEO plugin. -->","yoast_head_json":{"title":"Vana disainiga! Puhas Loodus vananemisvastane \u00f6\u00f6kreem Viinamari 75ml - Orto","robots":{"index":"index","follow":"follow","max-snippet":"max-snippet:-1","max-image-preview":"max-image-preview:large","max-video-preview":"max-video-preview:-1"},"canonical":"https:\/\/orto.ee\/toode\/vana-disainiga-puhas-loodus-vananemisvastane-ookreem-viinamari-75ml\/","og_locale":"en_US","og_type":"article","og_title":"Vana disainiga! Puhas Loodus vananemisvastane \u00f6\u00f6kreem Viinamari 75ml - Orto","og_description":"AQUA, CETEARYL ALCOHOL (AND) PEG-20 STEARATE, BUTYROSPERMUM PARKII BUTTER, VITIS VINIFERA SEED OIL, GLYCERIN, OLEA EUROPAEA FRUIT OIL, CALENDULA OFFICINALIS FLOWER EXTRACT, GLYCERYL STEARATE, SODIUM HYALURONATE, SODIUM PVM\/MA\/DECADIENE CROSSPOLYMER, TOCOPHERYL ACETATE, PHENOXYETHANOL, ETHYLHEXYLGLYCERIN, PARFUM","og_url":"https:\/\/orto.ee\/toode\/vana-disainiga-puhas-loodus-vananemisvastane-ookreem-viinamari-75ml\/","og_site_name":"Orto","article_modified_time":"2026-04-08T21:00:03+00:00","og_image":[{"width":720,"height":720,"url":"https:\/\/orto.ee\/wp-content\/uploads\/2026\/01\/Ookreem-Viinamari-1.webp","type":"image\/webp"}],"twitter_card":"summary_large_image","twitter_misc":{"Est. reading time":"1 minute"},"schema":{"@context":"https:\/\/schema.org","@graph":[{"@type":"WebPage","@id":"https:\/\/orto.ee\/toode\/vana-disainiga-puhas-loodus-vananemisvastane-ookreem-viinamari-75ml\/","url":"https:\/\/orto.ee\/toode\/vana-disainiga-puhas-loodus-vananemisvastane-ookreem-viinamari-75ml\/","name":"Vana disainiga! Puhas Loodus vananemisvastane \u00f6\u00f6kreem Viinamari 75ml - Orto","isPartOf":{"@id":"https:\/\/orto.ee\/#website"},"primaryImageOfPage":{"@id":"https:\/\/orto.ee\/toode\/vana-disainiga-puhas-loodus-vananemisvastane-ookreem-viinamari-75ml\/#primaryimage"},"image":{"@id":"https:\/\/orto.ee\/toode\/vana-disainiga-puhas-loodus-vananemisvastane-ookreem-viinamari-75ml\/#primaryimage"},"thumbnailUrl":"https:\/\/orto.ee\/wp-content\/uploads\/2026\/01\/Ookreem-Viinamari-1.webp","datePublished":"2026-01-15T10:16:15+00:00","dateModified":"2026-04-08T21:00:03+00:00","breadcrumb":{"@id":"https:\/\/orto.ee\/toode\/vana-disainiga-puhas-loodus-vananemisvastane-ookreem-viinamari-75ml\/#breadcrumb"},"inLanguage":"en-US","potentialAction":[{"@type":"ReadAction","target":["https:\/\/orto.ee\/toode\/vana-disainiga-puhas-loodus-vananemisvastane-ookreem-viinamari-75ml\/"]}]},{"@type":"ImageObject","inLanguage":"en-US","@id":"https:\/\/orto.ee\/toode\/vana-disainiga-puhas-loodus-vananemisvastane-ookreem-viinamari-75ml\/#primaryimage","url":"https:\/\/orto.ee\/wp-content\/uploads\/2026\/01\/Ookreem-Viinamari-1.webp","contentUrl":"https:\/\/orto.ee\/wp-content\/uploads\/2026\/01\/Ookreem-Viinamari-1.webp","width":720,"height":720},{"@type":"BreadcrumbList","@id":"https:\/\/orto.ee\/toode\/vana-disainiga-puhas-loodus-vananemisvastane-ookreem-viinamari-75ml\/#breadcrumb","itemListElement":[{"@type":"ListItem","position":1,"name":"Home","item":"https:\/\/orto.ee\/"},{"@type":"ListItem","position":2,"name":"Products","item":"https:\/\/orto.ee\/shop\/"},{"@type":"ListItem","position":3,"name":"Vana disainiga! Puhas Loodus vananemisvastane \u00f6\u00f6kreem Viinamari 75ml"}]},{"@type":"WebSite","@id":"https:\/\/orto.ee\/#website","url":"https:\/\/orto.ee\/","name":"Orto","description":"","potentialAction":[{"@type":"SearchAction","target":{"@type":"EntryPoint","urlTemplate":"https:\/\/orto.ee\/?s={search_term_string}"},"query-input":{"@type":"PropertyValueSpecification","valueRequired":true,"valueName":"search_term_string"}}],"inLanguage":"en-US"}]}},"_links":{"self":[{"href":"https:\/\/orto.ee\/en\/wp-json\/wp\/v2\/product\/27736","targetHints":{"allow":["GET"]}}],"collection":[{"href":"https:\/\/orto.ee\/en\/wp-json\/wp\/v2\/product"}],"about":[{"href":"https:\/\/orto.ee\/en\/wp-json\/wp\/v2\/types\/product"}],"replies":[{"embeddable":true,"href":"https:\/\/orto.ee\/en\/wp-json\/wp\/v2\/comments?post=27736"}],"wp:featuredmedia":[{"embeddable":true,"href":"https:\/\/orto.ee\/en\/wp-json\/wp\/v2\/media\/29293"}],"wp:attachment":[{"href":"https:\/\/orto.ee\/en\/wp-json\/wp\/v2\/media?parent=27736"}],"wp:term":[{"taxonomy":"product_brand","embeddable":true,"href":"https:\/\/orto.ee\/en\/wp-json\/wp\/v2\/product_brand?post=27736"},{"taxonomy":"product_cat","embeddable":true,"href":"https:\/\/orto.ee\/en\/wp-json\/wp\/v2\/product_cat?post=27736"},{"taxonomy":"product_tag","embeddable":true,"href":"https:\/\/orto.ee\/en\/wp-json\/wp\/v2\/product_tag?post=27736"}],"curies":[{"name":"wp","href":"https:\/\/api.w.org\/{rel}","templated":true}]}}