{"id":24821,"date":"2025-05-08T17:38:15","date_gmt":"2025-05-08T14:38:15","guid":{"rendered":"https:\/\/orto.ee\/product\/lopumuuk-solar-spf15-kreem-airless-100ml\/"},"modified":"2026-02-10T11:43:57","modified_gmt":"2026-02-10T09:43:57","slug":"lopumuuk-solar-spf15-kreem-airless-100ml","status":"publish","type":"product","link":"https:\/\/orto.ee\/en\/product\/lopumuuk-solar-spf15-kreem-airless-100ml\/","title":{"rendered":"Solar tanning cream SPF15 Airless 100ml (Outlet)"},"content":{"rendered":"<p>Suurendab naha kaitsev\u00f5imet p\u00e4ikese ultraviolettkiirguse kahjuliku m\u00f5ju eest 15 korda. Kasutada regulaarselt tundliku v\u00f5i \u00f5rna naha korral, kergelt p\u00e4ikesep\u00f5letusi saavate kehaosade (\u00f5lad, nina, k\u00f5rvalestad) ning p\u00e4ikesega harjumata normaalse naha puhul. Takistab naha enneaegset vananemist, aaloe ekstrakt ja \u00f5lid s\u00e4ilitavad niiskustasakaalu, pehmendavad ja rahustavad nahka. Sisaldab oks\u00fcbensooni.<\/p>\n<p id=\"tw-target-text\" class=\"tw-data-text tw-text-large tw-ta\" dir=\"ltr\" tabindex=\"-1\" role=\"text\" data-placeholder=\"T\u00f5lge\" data-ved=\"2ahUKEwik3LXNy86SAxV3KxAIHWWWPGQQ3ewLegQIDBAW\" aria-label=\"T\u00f5lgitud tekst: Best before spring 2027\"><strong><span class=\"Y2IQFc\" lang=\"en\">Best before spring 2027<\/span><\/strong><\/p>\n","protected":false},"excerpt":{"rendered":"<p>Aqua, Ethylhexyl Dimethyl PABA, Benzophenone-3, Isopropyl Palmitate, Cyclopentasiloxane (and) Cyclohexasiloxane, Glycerin, Stearic Acid, Paraffinum Liquidum, Cetearyl Alcohol (and) PEG-20 Stearate, Aloe Barbadensis Leaf Extract, Glyceryl Stearate, Titanium Dioxide (and) Dimethicone (and) Alumina, Caprylic\/Capric Triglycerides, Dimethicone, Methylene Bis Benzotriazolyl Tetramethylbutylphenol, Polyhydroxystearic Acid, Triethanolamine, Phenoxyethanol, Ethylhexylglycerin, Parfum<\/p>\n","protected":false},"featured_media":17666,"comment_status":"open","ping_status":"closed","template":"","meta":[],"product_brand":[],"product_cat":[64],"product_tag":[],"class_list":{"0":"post-24821","1":"product","2":"type-product","3":"status-publish","4":"has-post-thumbnail","6":"product_cat-uncategorized-en","7":"brands-solar-en","9":"first","10":"instock","11":"sale","12":"taxable","13":"shipping-taxable","14":"purchasable","15":"product-type-simple"},"yoast_head":"<!-- This site is optimized with the Yoast SEO plugin v27.0 - https:\/\/yoast.com\/product\/yoast-seo-wordpress\/ -->\n<title>Solar tanning cream SPF15 Airless 100ml (Outlet) - Orto<\/title>\n<meta name=\"robots\" content=\"index, follow, max-snippet:-1, max-image-preview:large, max-video-preview:-1\" \/>\n<link rel=\"canonical\" href=\"https:\/\/orto.ee\/toode\/lopumuuk-solar-spf15-kreem-airless-100ml\/\" \/>\n<meta property=\"og:locale\" content=\"en_US\" \/>\n<meta property=\"og:type\" content=\"article\" \/>\n<meta property=\"og:title\" content=\"Solar tanning cream SPF15 Airless 100ml (Outlet) - Orto\" \/>\n<meta property=\"og:description\" content=\"Aqua, Ethylhexyl Dimethyl PABA, Benzophenone-3, Isopropyl Palmitate, Cyclopentasiloxane (and) Cyclohexasiloxane, Glycerin, Stearic Acid, Paraffinum Liquidum, Cetearyl Alcohol (and) PEG-20 Stearate, Aloe Barbadensis Leaf Extract, Glyceryl Stearate, Titanium Dioxide (and) Dimethicone (and) Alumina, Caprylic\/Capric Triglycerides, Dimethicone, Methylene Bis Benzotriazolyl Tetramethylbutylphenol, Polyhydroxystearic Acid, Triethanolamine, Phenoxyethanol, Ethylhexylglycerin, Parfum\" \/>\n<meta property=\"og:url\" content=\"https:\/\/orto.ee\/toode\/lopumuuk-solar-spf15-kreem-airless-100ml\/\" \/>\n<meta property=\"og:site_name\" content=\"Orto\" \/>\n<meta property=\"article:modified_time\" content=\"2026-02-10T09:43:57+00:00\" \/>\n<meta property=\"og:image\" content=\"https:\/\/orto.ee\/wp-content\/uploads\/2025\/05\/4740006010066-scaled.jpg\" \/>\n\t<meta property=\"og:image:width\" content=\"2560\" \/>\n\t<meta property=\"og:image:height\" content=\"2560\" \/>\n\t<meta property=\"og:image:type\" content=\"image\/jpeg\" \/>\n<meta name=\"twitter:card\" content=\"summary_large_image\" \/>\n<meta name=\"twitter:label1\" content=\"Est. reading time\" \/>\n\t<meta name=\"twitter:data1\" content=\"1 minute\" \/>\n<script type=\"application\/ld+json\" class=\"yoast-schema-graph\">{\"@context\":\"https:\/\/schema.org\",\"@graph\":[{\"@type\":\"WebPage\",\"@id\":\"https:\/\/orto.ee\/toode\/lopumuuk-solar-spf15-kreem-airless-100ml\/\",\"url\":\"https:\/\/orto.ee\/toode\/lopumuuk-solar-spf15-kreem-airless-100ml\/\",\"name\":\"Solar tanning cream SPF15 Airless 100ml (Outlet) - Orto\",\"isPartOf\":{\"@id\":\"https:\/\/orto.ee\/#website\"},\"primaryImageOfPage\":{\"@id\":\"https:\/\/orto.ee\/toode\/lopumuuk-solar-spf15-kreem-airless-100ml\/#primaryimage\"},\"image\":{\"@id\":\"https:\/\/orto.ee\/toode\/lopumuuk-solar-spf15-kreem-airless-100ml\/#primaryimage\"},\"thumbnailUrl\":\"https:\/\/orto.ee\/wp-content\/uploads\/2025\/05\/4740006010066-scaled.jpg\",\"datePublished\":\"2025-05-08T14:38:15+00:00\",\"dateModified\":\"2026-02-10T09:43:57+00:00\",\"breadcrumb\":{\"@id\":\"https:\/\/orto.ee\/toode\/lopumuuk-solar-spf15-kreem-airless-100ml\/#breadcrumb\"},\"inLanguage\":\"en-US\",\"potentialAction\":[{\"@type\":\"ReadAction\",\"target\":[\"https:\/\/orto.ee\/toode\/lopumuuk-solar-spf15-kreem-airless-100ml\/\"]}]},{\"@type\":\"ImageObject\",\"inLanguage\":\"en-US\",\"@id\":\"https:\/\/orto.ee\/toode\/lopumuuk-solar-spf15-kreem-airless-100ml\/#primaryimage\",\"url\":\"https:\/\/orto.ee\/wp-content\/uploads\/2025\/05\/4740006010066-scaled.jpg\",\"contentUrl\":\"https:\/\/orto.ee\/wp-content\/uploads\/2025\/05\/4740006010066-scaled.jpg\",\"width\":2560,\"height\":2560},{\"@type\":\"BreadcrumbList\",\"@id\":\"https:\/\/orto.ee\/toode\/lopumuuk-solar-spf15-kreem-airless-100ml\/#breadcrumb\",\"itemListElement\":[{\"@type\":\"ListItem\",\"position\":1,\"name\":\"Home\",\"item\":\"https:\/\/orto.ee\/\"},{\"@type\":\"ListItem\",\"position\":2,\"name\":\"Products\",\"item\":\"https:\/\/orto.ee\/shop\/\"},{\"@type\":\"ListItem\",\"position\":3,\"name\":\"Solar tanning cream SPF15 Airless 100ml (Outlet)\"}]},{\"@type\":\"WebSite\",\"@id\":\"https:\/\/orto.ee\/#website\",\"url\":\"https:\/\/orto.ee\/\",\"name\":\"Orto\",\"description\":\"\",\"potentialAction\":[{\"@type\":\"SearchAction\",\"target\":{\"@type\":\"EntryPoint\",\"urlTemplate\":\"https:\/\/orto.ee\/?s={search_term_string}\"},\"query-input\":{\"@type\":\"PropertyValueSpecification\",\"valueRequired\":true,\"valueName\":\"search_term_string\"}}],\"inLanguage\":\"en-US\"}]}<\/script>\n<!-- \/ Yoast SEO plugin. -->","yoast_head_json":{"title":"Solar tanning cream SPF15 Airless 100ml (Outlet) - Orto","robots":{"index":"index","follow":"follow","max-snippet":"max-snippet:-1","max-image-preview":"max-image-preview:large","max-video-preview":"max-video-preview:-1"},"canonical":"https:\/\/orto.ee\/toode\/lopumuuk-solar-spf15-kreem-airless-100ml\/","og_locale":"en_US","og_type":"article","og_title":"Solar tanning cream SPF15 Airless 100ml (Outlet) - Orto","og_description":"Aqua, Ethylhexyl Dimethyl PABA, Benzophenone-3, Isopropyl Palmitate, Cyclopentasiloxane (and) Cyclohexasiloxane, Glycerin, Stearic Acid, Paraffinum Liquidum, Cetearyl Alcohol (and) PEG-20 Stearate, Aloe Barbadensis Leaf Extract, Glyceryl Stearate, Titanium Dioxide (and) Dimethicone (and) Alumina, Caprylic\/Capric Triglycerides, Dimethicone, Methylene Bis Benzotriazolyl Tetramethylbutylphenol, Polyhydroxystearic Acid, Triethanolamine, Phenoxyethanol, Ethylhexylglycerin, Parfum","og_url":"https:\/\/orto.ee\/toode\/lopumuuk-solar-spf15-kreem-airless-100ml\/","og_site_name":"Orto","article_modified_time":"2026-02-10T09:43:57+00:00","og_image":[{"width":2560,"height":2560,"url":"https:\/\/orto.ee\/wp-content\/uploads\/2025\/05\/4740006010066-scaled.jpg","type":"image\/jpeg"}],"twitter_card":"summary_large_image","twitter_misc":{"Est. reading time":"1 minute"},"schema":{"@context":"https:\/\/schema.org","@graph":[{"@type":"WebPage","@id":"https:\/\/orto.ee\/toode\/lopumuuk-solar-spf15-kreem-airless-100ml\/","url":"https:\/\/orto.ee\/toode\/lopumuuk-solar-spf15-kreem-airless-100ml\/","name":"Solar tanning cream SPF15 Airless 100ml (Outlet) - Orto","isPartOf":{"@id":"https:\/\/orto.ee\/#website"},"primaryImageOfPage":{"@id":"https:\/\/orto.ee\/toode\/lopumuuk-solar-spf15-kreem-airless-100ml\/#primaryimage"},"image":{"@id":"https:\/\/orto.ee\/toode\/lopumuuk-solar-spf15-kreem-airless-100ml\/#primaryimage"},"thumbnailUrl":"https:\/\/orto.ee\/wp-content\/uploads\/2025\/05\/4740006010066-scaled.jpg","datePublished":"2025-05-08T14:38:15+00:00","dateModified":"2026-02-10T09:43:57+00:00","breadcrumb":{"@id":"https:\/\/orto.ee\/toode\/lopumuuk-solar-spf15-kreem-airless-100ml\/#breadcrumb"},"inLanguage":"en-US","potentialAction":[{"@type":"ReadAction","target":["https:\/\/orto.ee\/toode\/lopumuuk-solar-spf15-kreem-airless-100ml\/"]}]},{"@type":"ImageObject","inLanguage":"en-US","@id":"https:\/\/orto.ee\/toode\/lopumuuk-solar-spf15-kreem-airless-100ml\/#primaryimage","url":"https:\/\/orto.ee\/wp-content\/uploads\/2025\/05\/4740006010066-scaled.jpg","contentUrl":"https:\/\/orto.ee\/wp-content\/uploads\/2025\/05\/4740006010066-scaled.jpg","width":2560,"height":2560},{"@type":"BreadcrumbList","@id":"https:\/\/orto.ee\/toode\/lopumuuk-solar-spf15-kreem-airless-100ml\/#breadcrumb","itemListElement":[{"@type":"ListItem","position":1,"name":"Home","item":"https:\/\/orto.ee\/"},{"@type":"ListItem","position":2,"name":"Products","item":"https:\/\/orto.ee\/shop\/"},{"@type":"ListItem","position":3,"name":"Solar tanning cream SPF15 Airless 100ml (Outlet)"}]},{"@type":"WebSite","@id":"https:\/\/orto.ee\/#website","url":"https:\/\/orto.ee\/","name":"Orto","description":"","potentialAction":[{"@type":"SearchAction","target":{"@type":"EntryPoint","urlTemplate":"https:\/\/orto.ee\/?s={search_term_string}"},"query-input":{"@type":"PropertyValueSpecification","valueRequired":true,"valueName":"search_term_string"}}],"inLanguage":"en-US"}]}},"_links":{"self":[{"href":"https:\/\/orto.ee\/en\/wp-json\/wp\/v2\/product\/24821","targetHints":{"allow":["GET"]}}],"collection":[{"href":"https:\/\/orto.ee\/en\/wp-json\/wp\/v2\/product"}],"about":[{"href":"https:\/\/orto.ee\/en\/wp-json\/wp\/v2\/types\/product"}],"replies":[{"embeddable":true,"href":"https:\/\/orto.ee\/en\/wp-json\/wp\/v2\/comments?post=24821"}],"wp:featuredmedia":[{"embeddable":true,"href":"https:\/\/orto.ee\/en\/wp-json\/wp\/v2\/media\/17666"}],"wp:attachment":[{"href":"https:\/\/orto.ee\/en\/wp-json\/wp\/v2\/media?parent=24821"}],"wp:term":[{"taxonomy":"product_brand","embeddable":true,"href":"https:\/\/orto.ee\/en\/wp-json\/wp\/v2\/product_brand?post=24821"},{"taxonomy":"product_cat","embeddable":true,"href":"https:\/\/orto.ee\/en\/wp-json\/wp\/v2\/product_cat?post=24821"},{"taxonomy":"product_tag","embeddable":true,"href":"https:\/\/orto.ee\/en\/wp-json\/wp\/v2\/product_tag?post=24821"}],"curies":[{"name":"wp","href":"https:\/\/api.w.org\/{rel}","templated":true}]}}