{"id":24819,"date":"2025-05-08T17:38:15","date_gmt":"2025-05-08T14:38:15","guid":{"rendered":"https:\/\/orto.ee\/product\/lopumuuk-solar-paevituspiim-spf10-150ml\/"},"modified":"2026-02-10T11:27:28","modified_gmt":"2026-02-10T09:27:28","slug":"lopumuuk-solar-paevituspiim-spf10-150ml","status":"publish","type":"product","link":"https:\/\/orto.ee\/en\/product\/lopumuuk-solar-paevituspiim-spf10-150ml\/","title":{"rendered":"Old design! Solar tanning milk SPF10 150ml"},"content":{"rendered":"<p>P\u00e4evituspiim SOLAR. N\u00f5rk kaitse. SPF 10.<\/p>\n<p><strong>Aaloe, pantenool ja E-vitamiin<\/strong>\u00a0takistavad naha kuivamist ja enneaegset vananemist.<\/p>\n<p>Pihusta piisav kogus p\u00e4evituspiima nahale pool tundi enne p\u00e4evitamist ja masseeri imendumiseni. Korda nahale kandmist regulaarselt, kindlasti p\u00e4rast ujumist, higistamist ja k\u00e4ter\u00e4tiga kuivatamist. Enne kasutamist loksuta. \u00dclem\u00e4\u00e4rane p\u00e4ikese k\u00e4es viibimine v\u00f5ib t\u00f5siselt ohustada tervist! \u00c4ra j\u00e4ta imikuid ja v\u00e4ikelapsi otsese p\u00e4ikesevalguse k\u00e4tte.<\/p>\n<p><strong>SOLAR \u2013 R\u00d5\u00d5M P\u00c4IKESEST!<\/p>\n<p><\/strong><\/p>\n<p id=\"tw-target-text\" class=\"tw-data-text tw-text-large tw-ta\" dir=\"ltr\" tabindex=\"-1\" role=\"text\" data-placeholder=\"T\u00f5lge\" data-ved=\"2ahUKEwik3LXNy86SAxV3KxAIHWWWPGQQ3ewLegQIDBAW\" aria-label=\"T\u00f5lgitud tekst: Best before spring 2027\"><strong><span class=\"Y2IQFc\" lang=\"en\">Best before spring 2027<\/span><\/strong><\/p>\n<p><strong>\u00a0<\/strong><\/p>\n","protected":false},"excerpt":{"rendered":"<p>Aqua, Ethylhexyl Methoxycinnamate, Ceteareth-20, Cocoglycerides, Glycerin, Glyceryl Stearate, Dicaprylyl Carbonate, VP\/Eicosene Copolymer, Titanium Dioxide (and) Dimethicone (and) Alumina, Caprylic\/Capric Triglyceride, Panthenol, Methylene Bis Benzotriazolyl Tetramethylbutylphenol, Aloe Barbadensis Leaf Juice, Stearic Acid, Ceteareth-12, Cetearyl Alcohol, Cetyl Palmitate, Polyhydroxystearic Acid, Phenoxyethanol, Ethylhexylglycerin, Tocopheryl Acetate, Parfum<\/p>\n","protected":false},"featured_media":16137,"comment_status":"open","ping_status":"closed","template":"","meta":[],"product_brand":[],"product_cat":[64],"product_tag":[],"class_list":{"0":"post-24819","1":"product","2":"type-product","3":"status-publish","4":"has-post-thumbnail","6":"product_cat-uncategorized-en","7":"brands-solar-en","9":"first","10":"instock","11":"sale","12":"taxable","13":"shipping-taxable","14":"purchasable","15":"product-type-simple"},"yoast_head":"<!-- This site is optimized with the Yoast SEO plugin v27.0 - https:\/\/yoast.com\/product\/yoast-seo-wordpress\/ -->\n<title>Old design! Solar tanning milk SPF10 150ml - Orto<\/title>\n<meta name=\"robots\" content=\"index, follow, max-snippet:-1, max-image-preview:large, max-video-preview:-1\" \/>\n<link rel=\"canonical\" href=\"https:\/\/orto.ee\/en\/product\/lopumuuk-solar-paevituspiim-spf10-150ml\/\" \/>\n<meta property=\"og:locale\" content=\"en_US\" \/>\n<meta property=\"og:type\" content=\"article\" \/>\n<meta property=\"og:title\" content=\"Old design! Solar tanning milk SPF10 150ml - Orto\" \/>\n<meta property=\"og:description\" content=\"Aqua, Ethylhexyl Methoxycinnamate, Ceteareth-20, Cocoglycerides, Glycerin, Glyceryl Stearate, Dicaprylyl Carbonate, VP\/Eicosene Copolymer, Titanium Dioxide (and) Dimethicone (and) Alumina, Caprylic\/Capric Triglyceride, Panthenol, Methylene Bis Benzotriazolyl Tetramethylbutylphenol, Aloe Barbadensis Leaf Juice, Stearic Acid, Ceteareth-12, Cetearyl Alcohol, Cetyl Palmitate, Polyhydroxystearic Acid, Phenoxyethanol, Ethylhexylglycerin, Tocopheryl Acetate, Parfum\" \/>\n<meta property=\"og:url\" content=\"https:\/\/orto.ee\/en\/product\/lopumuuk-solar-paevituspiim-spf10-150ml\/\" \/>\n<meta property=\"og:site_name\" content=\"Orto\" \/>\n<meta property=\"article:modified_time\" content=\"2026-02-10T09:27:28+00:00\" \/>\n<meta property=\"og:image\" content=\"https:\/\/orto.ee\/wp-content\/uploads\/2024\/05\/Orto_Solar_paevituspiim_SPF10-scaled.png\" \/>\n\t<meta property=\"og:image:width\" content=\"2560\" \/>\n\t<meta property=\"og:image:height\" content=\"2560\" \/>\n\t<meta property=\"og:image:type\" content=\"image\/png\" \/>\n<meta name=\"twitter:card\" content=\"summary_large_image\" \/>\n<meta name=\"twitter:label1\" content=\"Est. reading time\" \/>\n\t<meta name=\"twitter:data1\" content=\"1 minute\" \/>\n<script type=\"application\/ld+json\" class=\"yoast-schema-graph\">{\"@context\":\"https:\/\/schema.org\",\"@graph\":[{\"@type\":\"WebPage\",\"@id\":\"https:\/\/orto.ee\/en\/product\/lopumuuk-solar-paevituspiim-spf10-150ml\/\",\"url\":\"https:\/\/orto.ee\/en\/product\/lopumuuk-solar-paevituspiim-spf10-150ml\/\",\"name\":\"Old design! Solar tanning milk SPF10 150ml - Orto\",\"isPartOf\":{\"@id\":\"https:\/\/orto.ee\/#website\"},\"primaryImageOfPage\":{\"@id\":\"https:\/\/orto.ee\/en\/product\/lopumuuk-solar-paevituspiim-spf10-150ml\/#primaryimage\"},\"image\":{\"@id\":\"https:\/\/orto.ee\/en\/product\/lopumuuk-solar-paevituspiim-spf10-150ml\/#primaryimage\"},\"thumbnailUrl\":\"https:\/\/orto.ee\/wp-content\/uploads\/2024\/05\/Orto_Solar_paevituspiim_SPF10-scaled.png\",\"datePublished\":\"2025-05-08T14:38:15+00:00\",\"dateModified\":\"2026-02-10T09:27:28+00:00\",\"breadcrumb\":{\"@id\":\"https:\/\/orto.ee\/en\/product\/lopumuuk-solar-paevituspiim-spf10-150ml\/#breadcrumb\"},\"inLanguage\":\"en-US\",\"potentialAction\":[{\"@type\":\"ReadAction\",\"target\":[\"https:\/\/orto.ee\/en\/product\/lopumuuk-solar-paevituspiim-spf10-150ml\/\"]}]},{\"@type\":\"ImageObject\",\"inLanguage\":\"en-US\",\"@id\":\"https:\/\/orto.ee\/en\/product\/lopumuuk-solar-paevituspiim-spf10-150ml\/#primaryimage\",\"url\":\"https:\/\/orto.ee\/wp-content\/uploads\/2024\/05\/Orto_Solar_paevituspiim_SPF10-scaled.png\",\"contentUrl\":\"https:\/\/orto.ee\/wp-content\/uploads\/2024\/05\/Orto_Solar_paevituspiim_SPF10-scaled.png\",\"width\":2560,\"height\":2560},{\"@type\":\"BreadcrumbList\",\"@id\":\"https:\/\/orto.ee\/en\/product\/lopumuuk-solar-paevituspiim-spf10-150ml\/#breadcrumb\",\"itemListElement\":[{\"@type\":\"ListItem\",\"position\":1,\"name\":\"Home\",\"item\":\"https:\/\/orto.ee\/\"},{\"@type\":\"ListItem\",\"position\":2,\"name\":\"Products\",\"item\":\"https:\/\/orto.ee\/shop\/\"},{\"@type\":\"ListItem\",\"position\":3,\"name\":\"Old design! Solar tanning milk SPF10 150ml\"}]},{\"@type\":\"WebSite\",\"@id\":\"https:\/\/orto.ee\/#website\",\"url\":\"https:\/\/orto.ee\/\",\"name\":\"Orto\",\"description\":\"\",\"potentialAction\":[{\"@type\":\"SearchAction\",\"target\":{\"@type\":\"EntryPoint\",\"urlTemplate\":\"https:\/\/orto.ee\/?s={search_term_string}\"},\"query-input\":{\"@type\":\"PropertyValueSpecification\",\"valueRequired\":true,\"valueName\":\"search_term_string\"}}],\"inLanguage\":\"en-US\"}]}<\/script>\n<!-- \/ Yoast SEO plugin. -->","yoast_head_json":{"title":"Old design! Solar tanning milk SPF10 150ml - Orto","robots":{"index":"index","follow":"follow","max-snippet":"max-snippet:-1","max-image-preview":"max-image-preview:large","max-video-preview":"max-video-preview:-1"},"canonical":"https:\/\/orto.ee\/en\/product\/lopumuuk-solar-paevituspiim-spf10-150ml\/","og_locale":"en_US","og_type":"article","og_title":"Old design! Solar tanning milk SPF10 150ml - Orto","og_description":"Aqua, Ethylhexyl Methoxycinnamate, Ceteareth-20, Cocoglycerides, Glycerin, Glyceryl Stearate, Dicaprylyl Carbonate, VP\/Eicosene Copolymer, Titanium Dioxide (and) Dimethicone (and) Alumina, Caprylic\/Capric Triglyceride, Panthenol, Methylene Bis Benzotriazolyl Tetramethylbutylphenol, Aloe Barbadensis Leaf Juice, Stearic Acid, Ceteareth-12, Cetearyl Alcohol, Cetyl Palmitate, Polyhydroxystearic Acid, Phenoxyethanol, Ethylhexylglycerin, Tocopheryl Acetate, Parfum","og_url":"https:\/\/orto.ee\/en\/product\/lopumuuk-solar-paevituspiim-spf10-150ml\/","og_site_name":"Orto","article_modified_time":"2026-02-10T09:27:28+00:00","og_image":[{"width":2560,"height":2560,"url":"https:\/\/orto.ee\/wp-content\/uploads\/2024\/05\/Orto_Solar_paevituspiim_SPF10-scaled.png","type":"image\/png"}],"twitter_card":"summary_large_image","twitter_misc":{"Est. reading time":"1 minute"},"schema":{"@context":"https:\/\/schema.org","@graph":[{"@type":"WebPage","@id":"https:\/\/orto.ee\/en\/product\/lopumuuk-solar-paevituspiim-spf10-150ml\/","url":"https:\/\/orto.ee\/en\/product\/lopumuuk-solar-paevituspiim-spf10-150ml\/","name":"Old design! Solar tanning milk SPF10 150ml - Orto","isPartOf":{"@id":"https:\/\/orto.ee\/#website"},"primaryImageOfPage":{"@id":"https:\/\/orto.ee\/en\/product\/lopumuuk-solar-paevituspiim-spf10-150ml\/#primaryimage"},"image":{"@id":"https:\/\/orto.ee\/en\/product\/lopumuuk-solar-paevituspiim-spf10-150ml\/#primaryimage"},"thumbnailUrl":"https:\/\/orto.ee\/wp-content\/uploads\/2024\/05\/Orto_Solar_paevituspiim_SPF10-scaled.png","datePublished":"2025-05-08T14:38:15+00:00","dateModified":"2026-02-10T09:27:28+00:00","breadcrumb":{"@id":"https:\/\/orto.ee\/en\/product\/lopumuuk-solar-paevituspiim-spf10-150ml\/#breadcrumb"},"inLanguage":"en-US","potentialAction":[{"@type":"ReadAction","target":["https:\/\/orto.ee\/en\/product\/lopumuuk-solar-paevituspiim-spf10-150ml\/"]}]},{"@type":"ImageObject","inLanguage":"en-US","@id":"https:\/\/orto.ee\/en\/product\/lopumuuk-solar-paevituspiim-spf10-150ml\/#primaryimage","url":"https:\/\/orto.ee\/wp-content\/uploads\/2024\/05\/Orto_Solar_paevituspiim_SPF10-scaled.png","contentUrl":"https:\/\/orto.ee\/wp-content\/uploads\/2024\/05\/Orto_Solar_paevituspiim_SPF10-scaled.png","width":2560,"height":2560},{"@type":"BreadcrumbList","@id":"https:\/\/orto.ee\/en\/product\/lopumuuk-solar-paevituspiim-spf10-150ml\/#breadcrumb","itemListElement":[{"@type":"ListItem","position":1,"name":"Home","item":"https:\/\/orto.ee\/"},{"@type":"ListItem","position":2,"name":"Products","item":"https:\/\/orto.ee\/shop\/"},{"@type":"ListItem","position":3,"name":"Old design! Solar tanning milk SPF10 150ml"}]},{"@type":"WebSite","@id":"https:\/\/orto.ee\/#website","url":"https:\/\/orto.ee\/","name":"Orto","description":"","potentialAction":[{"@type":"SearchAction","target":{"@type":"EntryPoint","urlTemplate":"https:\/\/orto.ee\/?s={search_term_string}"},"query-input":{"@type":"PropertyValueSpecification","valueRequired":true,"valueName":"search_term_string"}}],"inLanguage":"en-US"}]}},"_links":{"self":[{"href":"https:\/\/orto.ee\/en\/wp-json\/wp\/v2\/product\/24819","targetHints":{"allow":["GET"]}}],"collection":[{"href":"https:\/\/orto.ee\/en\/wp-json\/wp\/v2\/product"}],"about":[{"href":"https:\/\/orto.ee\/en\/wp-json\/wp\/v2\/types\/product"}],"replies":[{"embeddable":true,"href":"https:\/\/orto.ee\/en\/wp-json\/wp\/v2\/comments?post=24819"}],"wp:featuredmedia":[{"embeddable":true,"href":"https:\/\/orto.ee\/en\/wp-json\/wp\/v2\/media\/16137"}],"wp:attachment":[{"href":"https:\/\/orto.ee\/en\/wp-json\/wp\/v2\/media?parent=24819"}],"wp:term":[{"taxonomy":"product_brand","embeddable":true,"href":"https:\/\/orto.ee\/en\/wp-json\/wp\/v2\/product_brand?post=24819"},{"taxonomy":"product_cat","embeddable":true,"href":"https:\/\/orto.ee\/en\/wp-json\/wp\/v2\/product_cat?post=24819"},{"taxonomy":"product_tag","embeddable":true,"href":"https:\/\/orto.ee\/en\/wp-json\/wp\/v2\/product_tag?post=24819"}],"curies":[{"name":"wp","href":"https:\/\/api.w.org\/{rel}","templated":true}]}}