{"id":24437,"date":"2025-10-22T13:51:57","date_gmt":"2025-10-22T10:51:57","guid":{"rendered":"https:\/\/orto.ee\/product\/saapamaare-merelovi-amber-20k\/"},"modified":"2025-10-24T08:02:54","modified_gmt":"2025-10-24T05:02:54","slug":"saapamaare-merelovi-amber-20k","status":"publish","type":"product","link":"https:\/\/orto.ee\/en\/product\/saapamaare-merelovi-amber-20k\/","title":{"rendered":"Orto boot grease Merel\u00f5vi 650g"},"content":{"rendered":"<p>Silikoon\u00f5li ja loomarasvaga saapam\u00e4\u00e4re karmides tingimustes kasutatavate jalatsite regulaarseks hooldamiseks. Pehmendab nahka, parandab jalatsite veekindlust ja kaitseb neid ekstreemsetes tingimustes.<\/p>\n","protected":false},"excerpt":{"rendered":"<p>silikoon\u00f5li, loomarasv, vahad<\/p>\n","protected":false},"featured_media":24359,"comment_status":"open","ping_status":"closed","template":"","meta":[],"product_brand":[],"product_cat":[64,134],"product_tag":[],"class_list":{"0":"post-24437","1":"product","2":"type-product","3":"status-publish","4":"has-post-thumbnail","6":"product_cat-uncategorized-en","7":"product_cat-for-footwear","8":"brands-orto-en","9":"brands-viks","11":"first","12":"instock","13":"taxable","14":"shipping-taxable","15":"purchasable","16":"product-type-simple"},"yoast_head":"<!-- This site is optimized with the Yoast SEO plugin v27.0 - https:\/\/yoast.com\/product\/yoast-seo-wordpress\/ -->\n<title>Orto boot grease Merel\u00f5vi 650g - Orto<\/title>\n<meta name=\"robots\" content=\"index, follow, max-snippet:-1, max-image-preview:large, max-video-preview:-1\" \/>\n<link rel=\"canonical\" href=\"https:\/\/orto.ee\/toode\/saapamaare-merelovi-amber-20k\/\" \/>\n<meta property=\"og:locale\" content=\"en_US\" \/>\n<meta property=\"og:type\" content=\"article\" \/>\n<meta property=\"og:title\" content=\"Orto boot grease Merel\u00f5vi 650g - Orto\" \/>\n<meta property=\"og:description\" content=\"silikoon\u00f5li, loomarasv, vahad\" \/>\n<meta property=\"og:url\" content=\"https:\/\/orto.ee\/toode\/saapamaare-merelovi-amber-20k\/\" \/>\n<meta property=\"og:site_name\" content=\"Orto\" \/>\n<meta property=\"article:modified_time\" content=\"2025-10-24T05:02:54+00:00\" \/>\n<meta property=\"og:image\" content=\"https:\/\/orto.ee\/wp-content\/uploads\/2025\/10\/Merelovi-650g.jpg\" \/>\n\t<meta property=\"og:image:width\" content=\"499\" \/>\n\t<meta property=\"og:image:height\" content=\"499\" \/>\n\t<meta property=\"og:image:type\" content=\"image\/jpeg\" \/>\n<meta name=\"twitter:card\" content=\"summary_large_image\" \/>\n<meta name=\"twitter:label1\" content=\"Est. reading time\" \/>\n\t<meta name=\"twitter:data1\" content=\"1 minute\" \/>\n<script type=\"application\/ld+json\" class=\"yoast-schema-graph\">{\"@context\":\"https:\/\/schema.org\",\"@graph\":[{\"@type\":\"WebPage\",\"@id\":\"https:\/\/orto.ee\/toode\/saapamaare-merelovi-amber-20k\/\",\"url\":\"https:\/\/orto.ee\/toode\/saapamaare-merelovi-amber-20k\/\",\"name\":\"Orto boot grease Merel\u00f5vi 650g - Orto\",\"isPartOf\":{\"@id\":\"https:\/\/orto.ee\/#website\"},\"primaryImageOfPage\":{\"@id\":\"https:\/\/orto.ee\/toode\/saapamaare-merelovi-amber-20k\/#primaryimage\"},\"image\":{\"@id\":\"https:\/\/orto.ee\/toode\/saapamaare-merelovi-amber-20k\/#primaryimage\"},\"thumbnailUrl\":\"https:\/\/orto.ee\/wp-content\/uploads\/2025\/10\/Merelovi-650g.jpg\",\"datePublished\":\"2025-10-22T10:51:57+00:00\",\"dateModified\":\"2025-10-24T05:02:54+00:00\",\"breadcrumb\":{\"@id\":\"https:\/\/orto.ee\/toode\/saapamaare-merelovi-amber-20k\/#breadcrumb\"},\"inLanguage\":\"en-US\",\"potentialAction\":[{\"@type\":\"ReadAction\",\"target\":[\"https:\/\/orto.ee\/toode\/saapamaare-merelovi-amber-20k\/\"]}]},{\"@type\":\"ImageObject\",\"inLanguage\":\"en-US\",\"@id\":\"https:\/\/orto.ee\/toode\/saapamaare-merelovi-amber-20k\/#primaryimage\",\"url\":\"https:\/\/orto.ee\/wp-content\/uploads\/2025\/10\/Merelovi-650g.jpg\",\"contentUrl\":\"https:\/\/orto.ee\/wp-content\/uploads\/2025\/10\/Merelovi-650g.jpg\",\"width\":499,\"height\":499},{\"@type\":\"BreadcrumbList\",\"@id\":\"https:\/\/orto.ee\/toode\/saapamaare-merelovi-amber-20k\/#breadcrumb\",\"itemListElement\":[{\"@type\":\"ListItem\",\"position\":1,\"name\":\"Home\",\"item\":\"https:\/\/orto.ee\/\"},{\"@type\":\"ListItem\",\"position\":2,\"name\":\"Products\",\"item\":\"https:\/\/orto.ee\/shop\/\"},{\"@type\":\"ListItem\",\"position\":3,\"name\":\"Orto boot grease Merel\u00f5vi 650g\"}]},{\"@type\":\"WebSite\",\"@id\":\"https:\/\/orto.ee\/#website\",\"url\":\"https:\/\/orto.ee\/\",\"name\":\"Orto\",\"description\":\"\",\"potentialAction\":[{\"@type\":\"SearchAction\",\"target\":{\"@type\":\"EntryPoint\",\"urlTemplate\":\"https:\/\/orto.ee\/?s={search_term_string}\"},\"query-input\":{\"@type\":\"PropertyValueSpecification\",\"valueRequired\":true,\"valueName\":\"search_term_string\"}}],\"inLanguage\":\"en-US\"}]}<\/script>\n<!-- \/ Yoast SEO plugin. -->","yoast_head_json":{"title":"Orto boot grease Merel\u00f5vi 650g - Orto","robots":{"index":"index","follow":"follow","max-snippet":"max-snippet:-1","max-image-preview":"max-image-preview:large","max-video-preview":"max-video-preview:-1"},"canonical":"https:\/\/orto.ee\/toode\/saapamaare-merelovi-amber-20k\/","og_locale":"en_US","og_type":"article","og_title":"Orto boot grease Merel\u00f5vi 650g - Orto","og_description":"silikoon\u00f5li, loomarasv, vahad","og_url":"https:\/\/orto.ee\/toode\/saapamaare-merelovi-amber-20k\/","og_site_name":"Orto","article_modified_time":"2025-10-24T05:02:54+00:00","og_image":[{"width":499,"height":499,"url":"https:\/\/orto.ee\/wp-content\/uploads\/2025\/10\/Merelovi-650g.jpg","type":"image\/jpeg"}],"twitter_card":"summary_large_image","twitter_misc":{"Est. reading time":"1 minute"},"schema":{"@context":"https:\/\/schema.org","@graph":[{"@type":"WebPage","@id":"https:\/\/orto.ee\/toode\/saapamaare-merelovi-amber-20k\/","url":"https:\/\/orto.ee\/toode\/saapamaare-merelovi-amber-20k\/","name":"Orto boot grease Merel\u00f5vi 650g - Orto","isPartOf":{"@id":"https:\/\/orto.ee\/#website"},"primaryImageOfPage":{"@id":"https:\/\/orto.ee\/toode\/saapamaare-merelovi-amber-20k\/#primaryimage"},"image":{"@id":"https:\/\/orto.ee\/toode\/saapamaare-merelovi-amber-20k\/#primaryimage"},"thumbnailUrl":"https:\/\/orto.ee\/wp-content\/uploads\/2025\/10\/Merelovi-650g.jpg","datePublished":"2025-10-22T10:51:57+00:00","dateModified":"2025-10-24T05:02:54+00:00","breadcrumb":{"@id":"https:\/\/orto.ee\/toode\/saapamaare-merelovi-amber-20k\/#breadcrumb"},"inLanguage":"en-US","potentialAction":[{"@type":"ReadAction","target":["https:\/\/orto.ee\/toode\/saapamaare-merelovi-amber-20k\/"]}]},{"@type":"ImageObject","inLanguage":"en-US","@id":"https:\/\/orto.ee\/toode\/saapamaare-merelovi-amber-20k\/#primaryimage","url":"https:\/\/orto.ee\/wp-content\/uploads\/2025\/10\/Merelovi-650g.jpg","contentUrl":"https:\/\/orto.ee\/wp-content\/uploads\/2025\/10\/Merelovi-650g.jpg","width":499,"height":499},{"@type":"BreadcrumbList","@id":"https:\/\/orto.ee\/toode\/saapamaare-merelovi-amber-20k\/#breadcrumb","itemListElement":[{"@type":"ListItem","position":1,"name":"Home","item":"https:\/\/orto.ee\/"},{"@type":"ListItem","position":2,"name":"Products","item":"https:\/\/orto.ee\/shop\/"},{"@type":"ListItem","position":3,"name":"Orto boot grease Merel\u00f5vi 650g"}]},{"@type":"WebSite","@id":"https:\/\/orto.ee\/#website","url":"https:\/\/orto.ee\/","name":"Orto","description":"","potentialAction":[{"@type":"SearchAction","target":{"@type":"EntryPoint","urlTemplate":"https:\/\/orto.ee\/?s={search_term_string}"},"query-input":{"@type":"PropertyValueSpecification","valueRequired":true,"valueName":"search_term_string"}}],"inLanguage":"en-US"}]}},"_links":{"self":[{"href":"https:\/\/orto.ee\/en\/wp-json\/wp\/v2\/product\/24437","targetHints":{"allow":["GET"]}}],"collection":[{"href":"https:\/\/orto.ee\/en\/wp-json\/wp\/v2\/product"}],"about":[{"href":"https:\/\/orto.ee\/en\/wp-json\/wp\/v2\/types\/product"}],"replies":[{"embeddable":true,"href":"https:\/\/orto.ee\/en\/wp-json\/wp\/v2\/comments?post=24437"}],"wp:featuredmedia":[{"embeddable":true,"href":"https:\/\/orto.ee\/en\/wp-json\/wp\/v2\/media\/24359"}],"wp:attachment":[{"href":"https:\/\/orto.ee\/en\/wp-json\/wp\/v2\/media?parent=24437"}],"wp:term":[{"taxonomy":"product_brand","embeddable":true,"href":"https:\/\/orto.ee\/en\/wp-json\/wp\/v2\/product_brand?post=24437"},{"taxonomy":"product_cat","embeddable":true,"href":"https:\/\/orto.ee\/en\/wp-json\/wp\/v2\/product_cat?post=24437"},{"taxonomy":"product_tag","embeddable":true,"href":"https:\/\/orto.ee\/en\/wp-json\/wp\/v2\/product_tag?post=24437"}],"curies":[{"name":"wp","href":"https:\/\/api.w.org\/{rel}","templated":true}]}}