{"id":3087,"date":"2024-05-12T16:52:29","date_gmt":"2024-05-12T13:52:29","guid":{"rendered":"https:\/\/orto.local\/tooted\/"},"modified":"2026-02-18T15:39:40","modified_gmt":"2026-02-18T13:39:40","slug":"products","status":"publish","type":"page","link":"https:\/\/orto.ee\/en\/products\/","title":{"rendered":"Product Catalogue"},"content":{"rendered":"\t\t<div data-elementor-type=\"wp-page\" data-elementor-id=\"3087\" class=\"elementor elementor-3087 elementor-1780\" data-elementor-post-type=\"page\">\n\t\t\t\t<div class=\"elementor-element elementor-element-4d9b33a e-flex e-con-boxed e-con e-parent\" data-id=\"4d9b33a\" data-element_type=\"container\" data-e-type=\"container\" data-settings=\"{&quot;background_background&quot;:&quot;classic&quot;}\">\n\t\t\t\t\t<div class=\"e-con-inner\">\n\t\t\t\t\t<\/div>\n\t\t\t\t<\/div>\n\t\t<div class=\"elementor-element elementor-element-56e27de e-flex e-con-boxed e-con e-parent\" data-id=\"56e27de\" data-element_type=\"container\" data-e-type=\"container\" data-settings=\"{&quot;background_background&quot;:&quot;gradient&quot;}\">\n\t\t\t\t\t<div class=\"e-con-inner\">\n\t\t\t\t<div class=\"elementor-element elementor-element-adf90e7 elementor-widget elementor-widget-webstore_catalogue\" data-id=\"adf90e7\" data-element_type=\"widget\" data-e-type=\"widget\" data-widget_type=\"webstore_catalogue.default\">\n\t\t\t\t<div class=\"elementor-widget-container\">\n\t\t\t\t\t\t\t<div class=\"store-widget-wrapper\" data-catalogue_url=\"\/en\/products\/\">\n\n\t\t\t<div class=\"store-filters\">\n\n\t\t\t\t<div class=\"store-filters-container\">\n\n\t\t\t\t\t<div class=\"webstore-mobile-filters\">\n\t\t\t\t\t\t<a href=\"#\" class=\"toggle-filter\" data-filter=\"category\"><span><i class=\"fa-sharp fa-thin fa-folders\"><\/i>Category<\/span><\/a>\n\t\t\t\t\t\t<a href=\"#\" class=\"toggle-filter\" data-filter=\"price\"><span><i class=\"fa-sharp fa-thin fa-sliders-simple\"><\/i>Price range<\/span><\/a>\n\t\t\t\t\t\t<a href=\"#\" class=\"toggle-filter\" data-filter=\"brand\"><span><i class=\"fa-sharp fa-thin fa-tags\"><\/i>Brands<\/span><\/a>\n\t\t\t\t\t\t<a href=\"#\" class=\"toggle-filter toggle-filter-clear\" data-filter=\"clear\"><span><i class=\"fa-thin fa-xmark\"><\/i><\/i>Clear filter<\/span><\/a>\n\t\t\t\t\t<\/div>\n\n\t\t\t\t\t<!-- Categories -->\n\t\t\t\t\t<div class=\"search-filter-container\">\n\t\t\t\t\t\t\t\t\t\t\t\t<form id=\"webstore-search-form\">\n\t\t\t\t\t\t\t<input type=\"text\" class=\"webstore-search-field\" placeholder=\"Search by keyword\" value=\"\" \/>\n\t\t\t\t\t\t\t<button class=\"webstore-search-button\">\n\t\t\t\t\t\t\t\t<i class=\"search-btn-icon fa-solid fa-magnifying-glass\"><\/i>\n\t\t\t\t\t\t\t<\/button>\n\t\t\t\t\t\t<\/form>\n\t\t\t\t\t<\/div>\n\n\t\t\t\t\t<div class=\"categories-filter-container\">\n\t\t\t\t\t\t<h3 class=\"section-title\">Category<\/h3>\n\t\t\t\t\t\t<ul class=\"categories-filter-list webstore-checkbox-filters webstore-filter-box category-filter-box\">\n\t\t\t\t\t\t\t\t\t\t\t\t\t\t\t<li>\n\t\t\t\t\t\t\t\t\t<input type=\"checkbox\" class=\"categories-filter\" id=\"category-66\" value=\"66\" >\n\t\t\t\t\t\t\t\t\t<label for=\"category-66\">Facial care<\/label>\n\t\t\t\t\t\t\t\t\n\t\t\t\t\t\t\t\t<ul class=\"sub-categories-filter-list webstore-checkbox-filters \">\t\t\t\t\t\t\t\t\t\t\t<li>\n\t\t\t\t\t\t\t\t\t\t\t\t<input type=\"checkbox\" class=\"sub-categories-filter\" id=\"sub-category-122\" value=\"122\" >\n\t\t\t\t\t\t\t\t\t\t\t\t<label for=\"sub-category-122\">Facial cleansing<\/label>\n\t\t\t\t\t\t\t\t\t\t\t<\/li>\n\t\t\t\t\t\t\t\t\t\t\t\t\t\t\t\t\t\t\t\t\t\t<li>\n\t\t\t\t\t\t\t\t\t\t\t\t<input type=\"checkbox\" class=\"sub-categories-filter\" id=\"sub-category-123\" value=\"123\" >\n\t\t\t\t\t\t\t\t\t\t\t\t<label for=\"sub-category-123\">Toners and tonics<\/label>\n\t\t\t\t\t\t\t\t\t\t\t<\/li>\n\t\t\t\t\t\t\t\t\t\t\t\t\t\t\t\t\t\t\t\t\t\t<li>\n\t\t\t\t\t\t\t\t\t\t\t\t<input type=\"checkbox\" class=\"sub-categories-filter\" id=\"sub-category-130\" value=\"130\" >\n\t\t\t\t\t\t\t\t\t\t\t\t<label for=\"sub-category-130\">Face creams<\/label>\n\t\t\t\t\t\t\t\t\t\t\t<\/li>\n\t\t\t\t\t\t\t\t\t\t\t\t\t\t\t\t\t\t\t\t\t\t<li>\n\t\t\t\t\t\t\t\t\t\t\t\t<input type=\"checkbox\" class=\"sub-categories-filter\" id=\"sub-category-131\" value=\"131\" >\n\t\t\t\t\t\t\t\t\t\t\t\t<label for=\"sub-category-131\">Eye creams<\/label>\n\t\t\t\t\t\t\t\t\t\t\t<\/li>\n\t\t\t\t\t\t\t\t\t\t\t\t\t\t\t\t\t\t\t\t\t\t<li>\n\t\t\t\t\t\t\t\t\t\t\t\t<input type=\"checkbox\" class=\"sub-categories-filter\" id=\"sub-category-129\" value=\"129\" >\n\t\t\t\t\t\t\t\t\t\t\t\t<label for=\"sub-category-129\">Most Popular<\/label>\n\t\t\t\t\t\t\t\t\t\t\t<\/li>\n\t\t\t\t\t\t\t\t\t\t\t<\/ul><\/li>\t\t\t\t\t\t\t\t<li>\n\t\t\t\t\t\t\t\t\t<input type=\"checkbox\" class=\"categories-filter\" id=\"category-65\" value=\"65\" >\n\t\t\t\t\t\t\t\t\t<label for=\"category-65\">Hair care<\/label>\n\t\t\t\t\t\t\t\t\n\t\t\t\t\t\t\t\t<ul class=\"sub-categories-filter-list webstore-checkbox-filters \">\t\t\t\t\t\t\t\t\t\t\t<li>\n\t\t\t\t\t\t\t\t\t\t\t\t<input type=\"checkbox\" class=\"sub-categories-filter\" id=\"sub-category-126\" value=\"126\" >\n\t\t\t\t\t\t\t\t\t\t\t\t<label for=\"sub-category-126\">Shampoos<\/label>\n\t\t\t\t\t\t\t\t\t\t\t<\/li>\n\t\t\t\t\t\t\t\t\t\t\t\t\t\t\t\t\t\t\t\t\t\t<li>\n\t\t\t\t\t\t\t\t\t\t\t\t<input type=\"checkbox\" class=\"sub-categories-filter\" id=\"sub-category-125\" value=\"125\" >\n\t\t\t\t\t\t\t\t\t\t\t\t<label for=\"sub-category-125\">Conditioners<\/label>\n\t\t\t\t\t\t\t\t\t\t\t<\/li>\n\t\t\t\t\t\t\t\t\t\t\t\t\t\t\t\t\t\t\t\t\t\t<li>\n\t\t\t\t\t\t\t\t\t\t\t\t<input type=\"checkbox\" class=\"sub-categories-filter\" id=\"sub-category-127\" value=\"127\" >\n\t\t\t\t\t\t\t\t\t\t\t\t<label for=\"sub-category-127\">Most Popular<\/label>\n\t\t\t\t\t\t\t\t\t\t\t<\/li>\n\t\t\t\t\t\t\t\t\t\t\t<\/ul><\/li>\t\t\t\t\t\t\t\t<li>\n\t\t\t\t\t\t\t\t\t<input type=\"checkbox\" class=\"categories-filter\" id=\"category-67\" value=\"67\" >\n\t\t\t\t\t\t\t\t\t<label for=\"category-67\">Body care<\/label>\n\t\t\t\t\t\t\t\t\n\t\t\t\t\t\t\t\t<ul class=\"sub-categories-filter-list webstore-checkbox-filters \">\t\t\t\t\t\t\t\t\t\t\t<li>\n\t\t\t\t\t\t\t\t\t\t\t\t<input type=\"checkbox\" class=\"sub-categories-filter\" id=\"sub-category-151\" value=\"151\" >\n\t\t\t\t\t\t\t\t\t\t\t\t<label for=\"sub-category-151\">ORTOMED<\/label>\n\t\t\t\t\t\t\t\t\t\t\t<\/li>\n\t\t\t\t\t\t\t\t\t\t\t\t\t\t\t\t\t\t\t\t\t\t<li>\n\t\t\t\t\t\t\t\t\t\t\t\t<input type=\"checkbox\" class=\"sub-categories-filter\" id=\"sub-category-121\" value=\"121\" >\n\t\t\t\t\t\t\t\t\t\t\t\t<label for=\"sub-category-121\">Shower gels<\/label>\n\t\t\t\t\t\t\t\t\t\t\t<\/li>\n\t\t\t\t\t\t\t\t\t\t\t\t\t\t\t\t\t\t\t\t\t\t<li>\n\t\t\t\t\t\t\t\t\t\t\t\t<input type=\"checkbox\" class=\"sub-categories-filter\" id=\"sub-category-117\" value=\"117\" >\n\t\t\t\t\t\t\t\t\t\t\t\t<label for=\"sub-category-117\">Body creams<\/label>\n\t\t\t\t\t\t\t\t\t\t\t<\/li>\n\t\t\t\t\t\t\t\t\t\t\t\t\t\t\t\t\t\t\t\t\t\t<li>\n\t\t\t\t\t\t\t\t\t\t\t\t<input type=\"checkbox\" class=\"sub-categories-filter\" id=\"sub-category-119\" value=\"119\" >\n\t\t\t\t\t\t\t\t\t\t\t\t<label for=\"sub-category-119\">Hand creams<\/label>\n\t\t\t\t\t\t\t\t\t\t\t<\/li>\n\t\t\t\t\t\t\t\t\t\t\t\t\t\t\t\t\t\t\t\t\t\t<li>\n\t\t\t\t\t\t\t\t\t\t\t\t<input type=\"checkbox\" class=\"sub-categories-filter\" id=\"sub-category-118\" value=\"118\" >\n\t\t\t\t\t\t\t\t\t\t\t\t<label for=\"sub-category-118\">Foot creams<\/label>\n\t\t\t\t\t\t\t\t\t\t\t<\/li>\n\t\t\t\t\t\t\t\t\t\t\t\t\t\t\t\t\t\t\t\t\t\t<li>\n\t\t\t\t\t\t\t\t\t\t\t\t<input type=\"checkbox\" class=\"sub-categories-filter\" id=\"sub-category-120\" value=\"120\" >\n\t\t\t\t\t\t\t\t\t\t\t\t<label for=\"sub-category-120\">Liquid soaps<\/label>\n\t\t\t\t\t\t\t\t\t\t\t<\/li>\n\t\t\t\t\t\t\t\t\t\t\t\t\t\t\t\t\t\t\t\t\t\t<li>\n\t\t\t\t\t\t\t\t\t\t\t\t<input type=\"checkbox\" class=\"sub-categories-filter\" id=\"sub-category-132\" value=\"132\" >\n\t\t\t\t\t\t\t\t\t\t\t\t<label for=\"sub-category-132\">Solar protection<\/label>\n\t\t\t\t\t\t\t\t\t\t\t<\/li>\n\t\t\t\t\t\t\t\t\t\t\t\t\t\t\t\t\t\t\t\t\t\t<li>\n\t\t\t\t\t\t\t\t\t\t\t\t<input type=\"checkbox\" class=\"sub-categories-filter\" id=\"sub-category-133\" value=\"133\" >\n\t\t\t\t\t\t\t\t\t\t\t\t<label for=\"sub-category-133\">After tanning<\/label>\n\t\t\t\t\t\t\t\t\t\t\t<\/li>\n\t\t\t\t\t\t\t\t\t\t\t\t\t\t\t\t\t\t\t\t\t\t<li>\n\t\t\t\t\t\t\t\t\t\t\t\t<input type=\"checkbox\" class=\"sub-categories-filter\" id=\"sub-category-128\" value=\"128\" >\n\t\t\t\t\t\t\t\t\t\t\t\t<label for=\"sub-category-128\">Most Popular<\/label>\n\t\t\t\t\t\t\t\t\t\t\t<\/li>\n\t\t\t\t\t\t\t\t\t\t\t<\/ul><\/li>\t\t\t\t\t\t\t\t<li>\n\t\t\t\t\t\t\t\t\t<input type=\"checkbox\" class=\"categories-filter\" id=\"category-68\" value=\"68\" >\n\t\t\t\t\t\t\t\t\t<label for=\"category-68\">Child care<\/label>\n\t\t\t\t\t\t\t\t\n\t\t\t\t\t\t\t\t<\/li>\t\t\t\t\t\t\t\t<li>\n\t\t\t\t\t\t\t\t\t<input type=\"checkbox\" class=\"categories-filter\" id=\"category-69\" value=\"69\" >\n\t\t\t\t\t\t\t\t\t<label for=\"category-69\">Household<\/label>\n\t\t\t\t\t\t\t\t\n\t\t\t\t\t\t\t\t<ul class=\"sub-categories-filter-list webstore-checkbox-filters \">\t\t\t\t\t\t\t\t\t\t\t<li>\n\t\t\t\t\t\t\t\t\t\t\t\t<input type=\"checkbox\" class=\"sub-categories-filter\" id=\"sub-category-135\" value=\"135\" >\n\t\t\t\t\t\t\t\t\t\t\t\t<label for=\"sub-category-135\">Household cleaning<\/label>\n\t\t\t\t\t\t\t\t\t\t\t<\/li>\n\t\t\t\t\t\t\t\t\t\t\t\t\t\t\t\t\t\t\t\t\t\t<li>\n\t\t\t\t\t\t\t\t\t\t\t\t<input type=\"checkbox\" class=\"sub-categories-filter\" id=\"sub-category-70\" value=\"70\" >\n\t\t\t\t\t\t\t\t\t\t\t\t<label for=\"sub-category-70\">Pets<\/label>\n\t\t\t\t\t\t\t\t\t\t\t<\/li>\n\t\t\t\t\t\t\t\t\t\t\t\t\t\t\t\t\t\t\t\t\t\t<li>\n\t\t\t\t\t\t\t\t\t\t\t\t<input type=\"checkbox\" class=\"sub-categories-filter\" id=\"sub-category-134\" value=\"134\" >\n\t\t\t\t\t\t\t\t\t\t\t\t<label for=\"sub-category-134\">For footwear<\/label>\n\t\t\t\t\t\t\t\t\t\t\t<\/li>\n\t\t\t\t\t\t\t\t\t\t\t\t\t\t\t\t\t\t\t\t\t\t<li>\n\t\t\t\t\t\t\t\t\t\t\t\t<input type=\"checkbox\" class=\"sub-categories-filter\" id=\"sub-category-136\" value=\"136\" >\n\t\t\t\t\t\t\t\t\t\t\t\t<label for=\"sub-category-136\">Most Popular<\/label>\n\t\t\t\t\t\t\t\t\t\t\t<\/li>\n\t\t\t\t\t\t\t\t\t\t\t<\/ul><\/li>\t\t\t\t\t\t\t\t<li>\n\t\t\t\t\t\t\t\t\t<input type=\"checkbox\" class=\"categories-filter\" id=\"category-137\" value=\"137\" >\n\t\t\t\t\t\t\t\t\t<label for=\"category-137\">Mosquito repellents<\/label>\n\t\t\t\t\t\t\t\t\n\t\t\t\t\t\t\t\t<\/li>\t\t\t\t\t\t\t\t<li>\n\t\t\t\t\t\t\t\t\t<input type=\"checkbox\" class=\"categories-filter\" id=\"category-143\" value=\"143\" >\n\t\t\t\t\t\t\t\t\t<label for=\"category-143\">Bulk packaging<\/label>\n\t\t\t\t\t\t\t\t\n\t\t\t\t\t\t\t\t<\/li>\t\t\t\t\t\t\t\t<li>\n\t\t\t\t\t\t\t\t\t<input type=\"checkbox\" class=\"categories-filter\" id=\"category-on_sale\" value=\"on_sale\" >\n\t\t\t\t\t\t\t\t\t<label for=\"category-on_sale\">SALE<\/label>\n\t\t\t\t\t\t\t\t\n\t\t\t\t\t\t\t\t<\/li>\t\t\t\t\t\t<\/ul>\n\t\t\t\t\t<\/div>\n\n\t\t\t\t\t<!-- Price range slider -->\n\t\t\t\t\t<div class=\"pricerange-filter-container\">\n\t\t\t\t\t\t<h3 class=\"section-title\">Price range<\/h3>\n\t\t\t\t\t\t<div class=\"slider-container webstore-filter-box price-filter-box\">\n\t\t\t\t\t\t\t<div id=\"slider\"><\/div>\n\t\t\t\t\t\t\t<div class=\"slider-values\">\n\t\t\t\t\t\t\t\t<span>Price:<\/span>\n\t\t\t\t\t\t\t\t<span id=\"thumb1Value\"> 0<\/span>\n\t\t\t\t\t\t\t\t<span> - <\/span>\n\t\t\t\t\t\t\t\t<span id=\"thumb2Value\">20<\/span>\n\t\t\t\t\t\t\t\t<span>\u20ac<\/span>\n\t\t\t\t\t\t\t<\/div>\n\t\t\t\t\t\t<\/div>\n\t\t\t\t\t<\/div>\n\n\t\t\t\t\t<!-- Brands -->\n\t\t\t\t\t<div class=\"brands-filter-container\">\n\t\t\t\t\t\t<h3 class=\"section-title\">Brands<\/h3>\n\t\t\t\t\t\t<ul class=\"brands-filter-list webstore-checkbox-filters webstore-filter-box brand-filter-box\">\n\t\t\t\t\t\t\t\t\t\t\t\t\t\t\t<li>\n\t\t\t\t\t\t\t\t\t<input type=\"checkbox\" class=\"brands-filter\" id=\"brand-62\" value=\"62\" >\n\t\t\t\t\t\t\t\t\t<label for=\"brand-62\">Puhas Loodus<\/label>\n\t\t\t\t\t\t\t\t<\/li>\n\t\t\t\t\t\t\t\t\t\t\t\t\t\t\t\t<li>\n\t\t\t\t\t\t\t\t\t<input type=\"checkbox\" class=\"brands-filter\" id=\"brand-74\" value=\"74\" >\n\t\t\t\t\t\t\t\t\t<label for=\"brand-74\">Ortomed<\/label>\n\t\t\t\t\t\t\t\t<\/li>\n\t\t\t\t\t\t\t\t\t\t\t\t\t\t\t\t<li>\n\t\t\t\t\t\t\t\t\t<input type=\"checkbox\" class=\"brands-filter\" id=\"brand-77\" value=\"77\" >\n\t\t\t\t\t\t\t\t\t<label for=\"brand-77\">Puhas Kodu<\/label>\n\t\t\t\t\t\t\t\t<\/li>\n\t\t\t\t\t\t\t\t\t\t\t\t\t\t\t\t<li>\n\t\t\t\t\t\t\t\t\t<input type=\"checkbox\" class=\"brands-filter\" id=\"brand-73\" value=\"73\" >\n\t\t\t\t\t\t\t\t\t<label for=\"brand-73\">Orto<\/label>\n\t\t\t\t\t\t\t\t<\/li>\n\t\t\t\t\t\t\t\t\t\t\t\t\t\t\t\t<li>\n\t\t\t\t\t\t\t\t\t<input type=\"checkbox\" class=\"brands-filter\" id=\"brand-75\" value=\"75\" >\n\t\t\t\t\t\t\t\t\t<label for=\"brand-75\">Plix<\/label>\n\t\t\t\t\t\t\t\t<\/li>\n\t\t\t\t\t\t\t\t\t\t\t\t\t\t\t\t<li>\n\t\t\t\t\t\t\t\t\t<input type=\"checkbox\" class=\"brands-filter\" id=\"brand-76\" value=\"76\" >\n\t\t\t\t\t\t\t\t\t<label for=\"brand-76\">Solar<\/label>\n\t\t\t\t\t\t\t\t<\/li>\n\t\t\t\t\t\t\t\t\t\t\t\t\t\t\t\t<li>\n\t\t\t\t\t\t\t\t\t<input type=\"checkbox\" class=\"brands-filter\" id=\"brand-78\" value=\"78\" >\n\t\t\t\t\t\t\t\t\t<label for=\"brand-78\">Puhas Limpa<\/label>\n\t\t\t\t\t\t\t\t<\/li>\n\t\t\t\t\t\t\t\t\t\t\t\t\t\t\t\t<li>\n\t\t\t\t\t\t\t\t\t<input type=\"checkbox\" class=\"brands-filter\" id=\"brand-138\" value=\"138\" >\n\t\t\t\t\t\t\t\t\t<label for=\"brand-138\">Viks<\/label>\n\t\t\t\t\t\t\t\t<\/li>\n\t\t\t\t\t\t\t\t\t\t\t\t\t\t<\/ul>\n\t\t\t\t\t<\/div>\n\n\t\t\t\t\t<!-- Clear all filters button -->\n\t\t\t\t\t<a href=\"#\" class=\"clear-filters-btn toggle-filter-clear\"><i class=\"fa-regular fa-xmark\"><\/i>Clear filter<\/a>\n\n\t\t\t\t<\/div>\n\n\t\t\t<\/div>\n\n\t\t\t<!-- Store products section -->\n\t\t\t<div class=\"store-products-section\">\n\n\t\t\t\t<!-- Sort Products -->\n\t\t\t\t<div class=\"product-sort-wrapper\">\n\t\t\t\t\t<div class=\"amount-displayed-section\">\n\t\t\t\t\t\tShowing\t\t\t\t\t\t<span class=\"products-counter\"><\/span>\n\t\t\t\t\t\tresults\t\t\t\t\t<\/div>\n\t\t\t\t\t<div class=\"sort-section\">\n\t\t\t\t\t\t<label>Sort by:<\/label>\t\t\t\t\t\t<select class=\"sort-select\">\n\t\t\t\t\t\t\t<option value=\"default\">Default<\/option>\n\t\t\t\t\t\t\t<option value=\"name_asc\">Name (A-Z)<\/option>\n\t\t\t\t\t\t    <option value=\"name_desc\">Name (Z-A)<\/option>\n\t\t\t\t\t\t    <option value=\"price_asc\">Price (lowest)<\/option>\n\t\t\t\t\t\t    <option value=\"price_desc\">Price (highest)<\/option>\n\t\t\t\t\t\t    <option value=\"popular\" >Popularity<\/option>\n\t\t\t\t\t\t<\/select>\n\t\t\t\t\t<\/div>\n\t\t\t\t<\/div>\n\n\t\t\t\t<!-- Display Products -->\n\t\t\t\t<div class=\"product-grid\" data-add_to_cart_label=\"Add to cart\" data-read_more_label = \"Read more\" data-no_products_found=\"Could not find products matching your search!\" data-out_of_stock=\"Out of stock\"><\/div>\n\t\t\t<\/div>\n\n\t\t\t<!-- AJAX loader icon -->\n\t\t\t<div class=\"ajax-loader processing\">\n\t\t\t\t<i class= \"fa-duotone fa-loader fa-spin\"><\/i>\n\t\t\t<\/div>\n\n\t\t\t<!-- Added to cart notification -->\n\t\t\t<div class=\"product-added-notification\">\n\t\t\t\t<div class=\"cart-confirmation\">\n\t\t\t\t\t<i class=\"fa-sharp fa-thin fa-cart-plus\"><\/i>\n\t\t\t\t\t<span class=\"product-name\">Product added to cart<\/span>\n\t\t\t\t<\/div>\n\t\t\t\t<div class=\"shipping-warning\">Local pickup from Orto office only<\/div>\n\t\t\t<\/div>\n\t\t<\/div>\n\t\t\t\t\t\t<\/div>\n\t\t\t\t<\/div>\n\t\t\t\t\t<\/div>\n\t\t\t\t<\/div>\n\t\t\t\t<\/div>\n\t\t","protected":false},"excerpt":{"rendered":"<p>Category Price range Brands Clear filter Category Facial care N\u00e4opuhastus N\u00e4oveed ja toonikud N\u00e4okreemid Silmakreemid Enim ostetud Hair care \u0160ampoonid Palsamid Enim ostetud Body care ORTOMED Du\u0161igeelid Kehakreemid K\u00e4tekreemid Jalakreemid Vedelseebid P\u00e4ikesekaitse P\u00e4evitusj\u00e4rgsed tooted Enim ostetud Child care Household Kodupuhastus Lemmikloomad Jalatsite hooldusvahendid Enim ostetud Mosquito repellents Bulk packaging SALE Price range Price: 0 &#8211; [&hellip;]<\/p>\n","protected":false},"author":2,"featured_media":0,"parent":0,"menu_order":0,"comment_status":"closed","ping_status":"closed","template":"elementor_header_footer","meta":{"footnotes":""},"class_list":["post-3087","page","type-page","status-publish","hentry"],"yoast_head":"<!-- This site is optimized with the Yoast SEO plugin v27.0 - https:\/\/yoast.com\/product\/yoast-seo-wordpress\/ -->\n<title>Product Catalogue - Orto<\/title>\n<meta name=\"robots\" content=\"index, follow, max-snippet:-1, max-image-preview:large, max-video-preview:-1\" \/>\n<link rel=\"canonical\" href=\"https:\/\/orto.ee\/tooted\/\" \/>\n<meta property=\"og:locale\" content=\"en_US\" \/>\n<meta property=\"og:type\" content=\"article\" \/>\n<meta property=\"og:title\" content=\"Product Catalogue - Orto\" \/>\n<meta property=\"og:description\" content=\"Category Price range Brands Clear filter Category Facial care N\u00e4opuhastus N\u00e4oveed ja toonikud N\u00e4okreemid Silmakreemid Enim ostetud Hair care \u0160ampoonid Palsamid Enim ostetud Body care ORTOMED Du\u0161igeelid Kehakreemid K\u00e4tekreemid Jalakreemid Vedelseebid P\u00e4ikesekaitse P\u00e4evitusj\u00e4rgsed tooted Enim ostetud Child care Household Kodupuhastus Lemmikloomad Jalatsite hooldusvahendid Enim ostetud Mosquito repellents Bulk packaging SALE Price range Price: 0 &#8211; [&hellip;]\" \/>\n<meta property=\"og:url\" content=\"https:\/\/orto.ee\/tooted\/\" \/>\n<meta property=\"og:site_name\" content=\"Orto\" \/>\n<meta property=\"article:modified_time\" content=\"2026-02-18T13:39:40+00:00\" \/>\n<meta property=\"og:image\" content=\"https:\/\/orto.ee\/wp-content\/uploads\/2024\/04\/social-sharing.png\" \/>\n\t<meta property=\"og:image:width\" content=\"1600\" \/>\n\t<meta property=\"og:image:height\" content=\"900\" \/>\n\t<meta property=\"og:image:type\" content=\"image\/png\" \/>\n<meta name=\"twitter:card\" content=\"summary_large_image\" \/>\n<meta name=\"twitter:label1\" content=\"Est. reading time\" \/>\n\t<meta name=\"twitter:data1\" content=\"1 minute\" \/>\n<script type=\"application\/ld+json\" class=\"yoast-schema-graph\">{\"@context\":\"https:\/\/schema.org\",\"@graph\":[{\"@type\":\"WebPage\",\"@id\":\"https:\/\/orto.ee\/tooted\/\",\"url\":\"https:\/\/orto.ee\/tooted\/\",\"name\":\"Product Catalogue - Orto\",\"isPartOf\":{\"@id\":\"https:\/\/orto.ee\/#website\"},\"datePublished\":\"2024-05-12T13:52:29+00:00\",\"dateModified\":\"2026-02-18T13:39:40+00:00\",\"breadcrumb\":{\"@id\":\"https:\/\/orto.ee\/tooted\/#breadcrumb\"},\"inLanguage\":\"en-US\",\"potentialAction\":[{\"@type\":\"ReadAction\",\"target\":[\"https:\/\/orto.ee\/tooted\/\"]}]},{\"@type\":\"BreadcrumbList\",\"@id\":\"https:\/\/orto.ee\/tooted\/#breadcrumb\",\"itemListElement\":[{\"@type\":\"ListItem\",\"position\":1,\"name\":\"Home\",\"item\":\"https:\/\/orto.ee\/\"},{\"@type\":\"ListItem\",\"position\":2,\"name\":\"Product Catalogue\"}]},{\"@type\":\"WebSite\",\"@id\":\"https:\/\/orto.ee\/#website\",\"url\":\"https:\/\/orto.ee\/\",\"name\":\"Orto\",\"description\":\"\",\"potentialAction\":[{\"@type\":\"SearchAction\",\"target\":{\"@type\":\"EntryPoint\",\"urlTemplate\":\"https:\/\/orto.ee\/?s={search_term_string}\"},\"query-input\":{\"@type\":\"PropertyValueSpecification\",\"valueRequired\":true,\"valueName\":\"search_term_string\"}}],\"inLanguage\":\"en-US\"}]}<\/script>\n<!-- \/ Yoast SEO plugin. -->","yoast_head_json":{"title":"Product Catalogue - Orto","robots":{"index":"index","follow":"follow","max-snippet":"max-snippet:-1","max-image-preview":"max-image-preview:large","max-video-preview":"max-video-preview:-1"},"canonical":"https:\/\/orto.ee\/tooted\/","og_locale":"en_US","og_type":"article","og_title":"Product Catalogue - Orto","og_description":"Category Price range Brands Clear filter Category Facial care N\u00e4opuhastus N\u00e4oveed ja toonikud N\u00e4okreemid Silmakreemid Enim ostetud Hair care \u0160ampoonid Palsamid Enim ostetud Body care ORTOMED Du\u0161igeelid Kehakreemid K\u00e4tekreemid Jalakreemid Vedelseebid P\u00e4ikesekaitse P\u00e4evitusj\u00e4rgsed tooted Enim ostetud Child care Household Kodupuhastus Lemmikloomad Jalatsite hooldusvahendid Enim ostetud Mosquito repellents Bulk packaging SALE Price range Price: 0 &#8211; [&hellip;]","og_url":"https:\/\/orto.ee\/tooted\/","og_site_name":"Orto","article_modified_time":"2026-02-18T13:39:40+00:00","og_image":[{"width":1600,"height":900,"url":"https:\/\/orto.ee\/wp-content\/uploads\/2024\/04\/social-sharing.png","type":"image\/png"}],"twitter_card":"summary_large_image","twitter_misc":{"Est. reading time":"1 minute"},"schema":{"@context":"https:\/\/schema.org","@graph":[{"@type":"WebPage","@id":"https:\/\/orto.ee\/tooted\/","url":"https:\/\/orto.ee\/tooted\/","name":"Product Catalogue - Orto","isPartOf":{"@id":"https:\/\/orto.ee\/#website"},"datePublished":"2024-05-12T13:52:29+00:00","dateModified":"2026-02-18T13:39:40+00:00","breadcrumb":{"@id":"https:\/\/orto.ee\/tooted\/#breadcrumb"},"inLanguage":"en-US","potentialAction":[{"@type":"ReadAction","target":["https:\/\/orto.ee\/tooted\/"]}]},{"@type":"BreadcrumbList","@id":"https:\/\/orto.ee\/tooted\/#breadcrumb","itemListElement":[{"@type":"ListItem","position":1,"name":"Home","item":"https:\/\/orto.ee\/"},{"@type":"ListItem","position":2,"name":"Product Catalogue"}]},{"@type":"WebSite","@id":"https:\/\/orto.ee\/#website","url":"https:\/\/orto.ee\/","name":"Orto","description":"","potentialAction":[{"@type":"SearchAction","target":{"@type":"EntryPoint","urlTemplate":"https:\/\/orto.ee\/?s={search_term_string}"},"query-input":{"@type":"PropertyValueSpecification","valueRequired":true,"valueName":"search_term_string"}}],"inLanguage":"en-US"}]}},"_links":{"self":[{"href":"https:\/\/orto.ee\/en\/wp-json\/wp\/v2\/pages\/3087","targetHints":{"allow":["GET"]}}],"collection":[{"href":"https:\/\/orto.ee\/en\/wp-json\/wp\/v2\/pages"}],"about":[{"href":"https:\/\/orto.ee\/en\/wp-json\/wp\/v2\/types\/page"}],"author":[{"embeddable":true,"href":"https:\/\/orto.ee\/en\/wp-json\/wp\/v2\/users\/2"}],"replies":[{"embeddable":true,"href":"https:\/\/orto.ee\/en\/wp-json\/wp\/v2\/comments?post=3087"}],"version-history":[{"count":3,"href":"https:\/\/orto.ee\/en\/wp-json\/wp\/v2\/pages\/3087\/revisions"}],"predecessor-version":[{"id":29110,"href":"https:\/\/orto.ee\/en\/wp-json\/wp\/v2\/pages\/3087\/revisions\/29110"}],"wp:attachment":[{"href":"https:\/\/orto.ee\/en\/wp-json\/wp\/v2\/media?parent=3087"}],"curies":[{"name":"wp","href":"https:\/\/api.w.org\/{rel}","templated":true}]}}